{"id":840,"date":"2024-05-06T14:33:09","date_gmt":"2024-05-06T14:33:09","guid":{"rendered":"http:\/\/localhost\/cras\/?page_id=840"},"modified":"2025-03-21T17:26:58","modified_gmt":"2025-03-21T16:26:58","slug":"services-two","status":"publish","type":"page","link":"https:\/\/test.click4drive.at\/?page_id=840","title":{"rendered":"Services Two"},"content":{"rendered":"\t\t<div data-elementor-type=\"wp-page\" data-elementor-id=\"840\" class=\"elementor elementor-840\" data-elementor-post-type=\"page\">\n\t\t\t\t\t\t<section class=\"elementor-section elementor-top-section elementor-element elementor-element-d564ee8 elementor-section-full_width elementor-section-stretched elementor-section-height-default elementor-section-height-default\" data-id=\"d564ee8\" data-element_type=\"section\" data-settings=\"{&quot;stretch_section&quot;:&quot;section-stretched&quot;}\">\n\t\t\t\t\t\t<div class=\"elementor-container elementor-column-gap-no\">\n\t\t\t\t\t<div class=\"elementor-column elementor-col-100 elementor-top-column elementor-element elementor-element-970f205\" data-id=\"970f205\" data-element_type=\"column\">\n\t\t\t<div class=\"elementor-widget-wrap elementor-element-populated\">\n\t\t\t\t\t\t<div class=\"elementor-element elementor-element-5c0bb83 elementor-widget elementor-widget-widget-brdc\" data-id=\"5c0bb83\" data-element_type=\"widget\" data-widget_type=\"widget-brdc.default\">\n\t\t\t\t<div class=\"elementor-widget-container\">\n\t\t\t\t\t<div class=\"ak-height-125 ak-height-lg-80\"><\/div>\r\n\t\t\t<div class=\"container \">\r\n\t\t\t\t<div class=\"common-page-title\">\r\n\t\t\t\t\t<h3 class=\"page-title\">Weitere Dienstleistungen<\/h3>\r\n\t\t\t\t\t<div class=\"d-flex gap-2 align-items-center\">\r\n\t\t\t\t\t\t<p>Home \/<\/p>\r\n\t\t\t\t\t\t<a href=\"\/https:\/\/test.click4drive.at\/?page_id=840\">Services Two<\/a>\r\n\t\t\t\t\t<\/div>\r\n\t\t\t\t<\/div>\r\n\t\t\t\t<div class=\"primary-color-border\"><\/div>\r\n\t\t\t<\/div>\t\t\t\t<\/div>\n\t\t\t\t<\/div>\n\t\t\t\t\t<\/div>\n\t\t<\/div>\n\t\t\t\t\t<\/div>\n\t\t<\/section>\n\t\t\t\t<section class=\"elementor-section elementor-top-section elementor-element elementor-element-c039916 elementor-section-full_width elementor-section-stretched elementor-section-height-default elementor-section-height-default\" data-id=\"c039916\" data-element_type=\"section\" data-settings=\"{&quot;stretch_section&quot;:&quot;section-stretched&quot;}\">\n\t\t\t\t\t\t<div class=\"elementor-container elementor-column-gap-no\">\n\t\t\t\t\t<div class=\"elementor-column elementor-col-100 elementor-top-column elementor-element elementor-element-acb2551\" data-id=\"acb2551\" data-element_type=\"column\">\n\t\t\t<div class=\"elementor-widget-wrap elementor-element-populated\">\n\t\t\t\t\t\t<div class=\"elementor-element elementor-element-a1dd43b elementor-widget elementor-widget-our-services\" data-id=\"a1dd43b\" data-element_type=\"widget\" data-widget_type=\"our-services.default\">\n\t\t\t\t<div class=\"elementor-widget-container\">\n\t\t\t\t\t<div class=\"ak-height-75 ak-height-lg-80\"><\/div>\r\n\t\t<div class=\"container\">\r\n\t\t\t<div class=\"row row-cols-xl-3 row-cols-md-2 row-cols-1 g-4\">\t\t<div class=\"col\">\r\n\t\t\t\t\t<div class=\"service-card-style-2\" data-aos=\"fade-up\">\r\n\t\t\t\t\t\t<div class=\"service-icon\">\r\n\t\t\t\t\t\t\t<img decoding=\"async\" src=\"https:\/\/test.click4drive.at\/wp-content\/uploads\/2024\/05\/cras_srv1-4.png\" width=\"46\" height=\"47\" alt=\"LS CAR EXPERT\">\r\n\t\t\t\t\t\t<\/div>\r\n\t\t\t\t\t\t<div class=\"service-desp\">\r\n\t\t\t\t\t\t\t<a href=\"https:\/\/test.click4drive.at\/?services=diagnostic-services-2\" class=\"title\">Reparaturen f\u00fcr alle Marken &#038; LKWs bis 3.500 kg \u2013  Zuverl\u00e4ssig &#038; Professionell<\/a>\r\n\t\t\t\t\t\t\t<p class=\"desp\">Ihr Fahrzeug in besten H\u00e4nden!<\/p>\r\n\t\t\t\t\t\t\t<a href=\"https:\/\/test.click4drive.at\/?services=diagnostic-services-2\" class=\"more-btn\">VIEW MORE<\/a>\r\n\t\t\t\t\t\t<\/div>\r\n\t\t\t\t\t<\/div>\r\n\t\t\t\t<\/div>\t\t<div class=\"col\">\r\n\t\t\t\t\t<div class=\"service-card-style-2\" data-aos=\"fade-up\">\r\n\t\t\t\t\t\t<div class=\"service-icon\">\r\n\t\t\t\t\t\t\t<img decoding=\"async\" src=\"https:\/\/test.click4drive.at\/wp-content\/uploads\/2024\/05\/cras_srv2-4.png\" width=\"46\" height=\"47\" alt=\"LS CAR EXPERT\">\r\n\t\t\t\t\t\t<\/div>\r\n\t\t\t\t\t\t<div class=\"service-desp\">\r\n\t\t\t\t\t\t\t<a href=\"https:\/\/test.click4drive.at\/?services=routine-maintenance-2\" class=\"title\">Regelm\u00e4\u00dfige Wartung<\/a>\r\n\t\t\t\t\t\t\t<p class=\"desp\">Mehr zur Wartung erfahren<\/p>\r\n\t\t\t\t\t\t\t<a href=\"https:\/\/test.click4drive.at\/?services=routine-maintenance-2\" class=\"more-btn\">VIEW MORE<\/a>\r\n\t\t\t\t\t\t<\/div>\r\n\t\t\t\t\t<\/div>\r\n\t\t\t\t<\/div>\t\t<div class=\"col\">\r\n\t\t\t\t\t<div class=\"service-card-style-2\" data-aos=\"fade-up\">\r\n\t\t\t\t\t\t<div class=\"service-icon\">\r\n\t\t\t\t\t\t\t<img decoding=\"async\" src=\"https:\/\/test.click4drive.at\/wp-content\/uploads\/2024\/05\/cras_srv3-4.png\" width=\"46\" height=\"47\" alt=\"LS CAR EXPERT\">\r\n\t\t\t\t\t\t<\/div>\r\n\t\t\t\t\t\t<div class=\"service-desp\">\r\n\t\t\t\t\t\t\t<a href=\"https:\/\/test.click4drive.at\/?services=brake-system-repair\" class=\"title\">Bremsenservice und Reparatur<\/a>\r\n\t\t\t\t\t\t\t<p class=\"desp\">Detaillierte Informationen zu unseren Bremsenservices<\/p>\r\n\t\t\t\t\t\t\t<a href=\"https:\/\/test.click4drive.at\/?services=brake-system-repair\" class=\"more-btn\">VIEW MORE<\/a>\r\n\t\t\t\t\t\t<\/div>\r\n\t\t\t\t\t<\/div>\r\n\t\t\t\t<\/div>\t\t<div class=\"col\">\r\n\t\t\t\t\t<div class=\"service-card-style-2\" data-aos=\"fade-up\">\r\n\t\t\t\t\t\t<div class=\"service-icon\">\r\n\t\t\t\t\t\t\t<img loading=\"lazy\" decoding=\"async\" src=\"https:\/\/test.click4drive.at\/wp-content\/uploads\/2024\/05\/Pickerl-1024x752-2.png\" width=\"46\" height=\"47\" alt=\"LS CAR EXPERT\">\r\n\t\t\t\t\t\t<\/div>\r\n\t\t\t\t\t\t<div class=\"service-desp\">\r\n\t\t\t\t\t\t\t<a href=\"https:\/\/test.click4drive.at\/?services=diagnostic-services\" class=\"title\">57a \u00dcberpr\u00fcfung (Pickerl) f\u00fcr PKW &#038; LKW<\/a>\r\n\t\t\t\t\t\t\t<p class=\"desp\">Verlassen Sie sich auf unsere Expertise \u2013 Jetzt Termin f\u00fcr Ihre \u00a7 57a \u00dcberpr\u00fcfung buchen!<\/p>\r\n\t\t\t\t\t\t\t<a href=\"https:\/\/test.click4drive.at\/?services=diagnostic-services\" class=\"more-btn\">VIEW MORE<\/a>\r\n\t\t\t\t\t\t<\/div>\r\n\t\t\t\t\t<\/div>\r\n\t\t\t\t<\/div>\t\t<div class=\"col\">\r\n\t\t\t\t\t<div class=\"service-card-style-2\" data-aos=\"fade-up\">\r\n\t\t\t\t\t\t<div class=\"service-icon\">\r\n\t\t\t\t\t\t\t<img loading=\"lazy\" decoding=\"async\" src=\"https:\/\/test.click4drive.at\/wp-content\/uploads\/2024\/05\/cras_srv5-4.png\" width=\"46\" height=\"47\" alt=\"LS CAR EXPERT\">\r\n\t\t\t\t\t\t<\/div>\r\n\t\t\t\t\t\t<div class=\"service-desp\">\r\n\t\t\t\t\t\t\t<a href=\"https:\/\/test.click4drive.at\/?services=transmission-services\" class=\"title\">Getriebe-Service f\u00fcr eine reibungslose Fahrt<\/a>\r\n\t\t\t\t\t\t\t<p class=\"desp\">Vermeiden Sie teure Sch\u00e4den \u2013 lassen Sie Ihr Getriebe regelm\u00e4\u00dfig warten! Vereinbaren Sie noch heute einen Termin! \ud83d\ude97\ud83d\udca8<\/p>\r\n\t\t\t\t\t\t\t<a href=\"https:\/\/test.click4drive.at\/?services=transmission-services\" class=\"more-btn\">VIEW MORE<\/a>\r\n\t\t\t\t\t\t<\/div>\r\n\t\t\t\t\t<\/div>\r\n\t\t\t\t<\/div>\t\t<div class=\"col\">\r\n\t\t\t\t\t<div class=\"service-card-style-2\" data-aos=\"fade-up\">\r\n\t\t\t\t\t\t<div class=\"service-icon\">\r\n\t\t\t\t\t\t\t<img loading=\"lazy\" decoding=\"async\" src=\"https:\/\/test.click4drive.at\/wp-content\/uploads\/2024\/05\/Icona-sigurimi-2.png\" width=\"46\" height=\"47\" alt=\"LS CAR EXPERT\">\r\n\t\t\t\t\t\t<\/div>\r\n\t\t\t\t\t\t<div class=\"service-desp\">\r\n\t\t\t\t\t\t\t<a href=\"https:\/\/test.click4drive.at\/?services=electrical-system\" class=\"title\">Direktabrechnung mit Versicherungen bei Unf\u00e4llen<\/a>\r\n\t\t\t\t\t\t\t<p class=\"desp\">Vertrauen Sie uns, und lassen Sie uns die B\u00fcrokratie \u00fcbernehmen, damit Sie schnell wieder mobil sind.<\/p>\r\n\t\t\t\t\t\t\t<a href=\"https:\/\/test.click4drive.at\/?services=electrical-system\" class=\"more-btn\">VIEW MORE<\/a>\r\n\t\t\t\t\t\t<\/div>\r\n\t\t\t\t\t<\/div>\r\n\t\t\t\t<\/div>\t\t<div class=\"col\">\r\n\t\t\t\t\t<div class=\"service-card-style-2\" data-aos=\"fade-up\">\r\n\t\t\t\t\t\t<div class=\"service-icon\">\r\n\t\t\t\t\t\t\t<img loading=\"lazy\" decoding=\"async\" src=\"https:\/\/test.click4drive.at\/wp-content\/uploads\/2024\/05\/cras_srv7-4.png\" width=\"46\" height=\"47\" alt=\"LS CAR EXPERT\">\r\n\t\t\t\t\t\t<\/div>\r\n\t\t\t\t\t\t<div class=\"service-desp\">\r\n\t\t\t\t\t\t\t<a href=\"https:\/\/test.click4drive.at\/?services=steering-repair\" class=\"title\">Steering Repair<\/a>\r\n\t\t\t\t\t\t\t<p class=\"desp\">Lorem Ipsum is simply dummy text of the printing and typesetting industry. Lorem Ipsum has been the industry's stan.<\/p>\r\n\t\t\t\t\t\t\t<a href=\"https:\/\/test.click4drive.at\/?services=steering-repair\" class=\"more-btn\">VIEW MORE<\/a>\r\n\t\t\t\t\t\t<\/div>\r\n\t\t\t\t\t<\/div>\r\n\t\t\t\t<\/div>\t\t<div class=\"col\">\r\n\t\t\t\t\t<div class=\"service-card-style-2\" data-aos=\"fade-up\">\r\n\t\t\t\t\t\t<div class=\"service-icon\">\r\n\t\t\t\t\t\t\t<img loading=\"lazy\" decoding=\"async\" src=\"https:\/\/test.click4drive.at\/wp-content\/uploads\/2024\/05\/cras_srv8-4.png\" width=\"46\" height=\"47\" alt=\"LS CAR EXPERT\">\r\n\t\t\t\t\t\t<\/div>\r\n\t\t\t\t\t\t<div class=\"service-desp\">\r\n\t\t\t\t\t\t\t<a href=\"https:\/\/test.click4drive.at\/?services=heating-services\" class=\"title\">Heating Services<\/a>\r\n\t\t\t\t\t\t\t<p class=\"desp\">Lorem Ipsum is simply dummy text of the printing and typesetting industry. Lorem Ipsum has been the industry's stan.<\/p>\r\n\t\t\t\t\t\t\t<a href=\"https:\/\/test.click4drive.at\/?services=heating-services\" class=\"more-btn\">VIEW MORE<\/a>\r\n\t\t\t\t\t\t<\/div>\r\n\t\t\t\t\t<\/div>\r\n\t\t\t\t<\/div>\t\t<div class=\"col\">\r\n\t\t\t\t\t<div class=\"service-card-style-2\" data-aos=\"fade-up\">\r\n\t\t\t\t\t\t<div class=\"service-icon\">\r\n\t\t\t\t\t\t\t<img loading=\"lazy\" decoding=\"async\" src=\"https:\/\/test.click4drive.at\/wp-content\/uploads\/2024\/05\/cras_srv9-4.png\" width=\"46\" height=\"47\" alt=\"LS CAR EXPERT\">\r\n\t\t\t\t\t\t<\/div>\r\n\t\t\t\t\t\t<div class=\"service-desp\">\r\n\t\t\t\t\t\t\t<a href=\"https:\/\/test.click4drive.at\/?services=tire-services\" class=\"title\">Spureinstellung f\u00fcr Ihr Fahrzeug<\/a>\r\n\t\t\t\t\t\t\t<p class=\"desp\">Vertrauen Sie uns, um die Spureinstellung Ihres Fahrzeugs fachgerecht durchzuf\u00fchren! Vereinbaren Sie noch heute einen Termin!<\/p>\r\n\t\t\t\t\t\t\t<a href=\"https:\/\/test.click4drive.at\/?services=tire-services\" class=\"more-btn\">VIEW MORE<\/a>\r\n\t\t\t\t\t\t<\/div>\r\n\t\t\t\t\t<\/div>\r\n\t\t\t\t<\/div>\t<\/div>\r\n\t\t<\/div>\t\t\t\t<\/div>\n\t\t\t\t<\/div>\n\t\t\t\t\t<\/div>\n\t\t<\/div>\n\t\t\t\t\t<\/div>\n\t\t<\/section>\n\t\t\t\t<section class=\"elementor-section elementor-top-section elementor-element elementor-element-963a9ca elementor-section-full_width elementor-section-stretched elementor-section-height-default elementor-section-height-default\" data-id=\"963a9ca\" data-element_type=\"section\" data-settings=\"{&quot;stretch_section&quot;:&quot;section-stretched&quot;}\">\n\t\t\t\t\t\t<div class=\"elementor-container elementor-column-gap-no\">\n\t\t\t\t\t<div class=\"elementor-column elementor-col-100 elementor-top-column elementor-element elementor-element-557f919\" data-id=\"557f919\" data-element_type=\"column\">\n\t\t\t<div class=\"elementor-widget-wrap elementor-element-populated\">\n\t\t\t\t\t\t<div class=\"elementor-element elementor-element-90848ca elementor-widget elementor-widget-widget-git\" data-id=\"90848ca\" data-element_type=\"widget\" data-widget_type=\"widget-git.default\">\n\t\t\t\t<div class=\"elementor-widget-container\">\n\t\t\t\t\t<div class=\"ak-height-125 ak-height-lg-80\"><\/div>\r\n\t\t<div class=\"container \">\r\n\t\t\t<div class=\"cta\" data-aos=\"fade-right\">\t\t<span class=\"border-pr\"><\/span>\r\n\t\t\t\t<span class=\"border-wh\"><\/span>\t\t<div class=\"cta-info\">\r\n\t\t\t\t\t<h2 class=\"cta-title\" data-aos=\"fade-left\" data-aos-delay=\"100\">Nehmen Sie Kontakt mit unseren Experten auf<\/h2>\r\n\t\t\t\t\t<p class=\"cta-desp\">Haben Sie Fragen oder m\u00f6chten Sie einen Termin vereinbaren? Unser Team steht Ihnen gerne zur Verf\u00fcgung. Kontaktieren Sie uns noch heute, und wir helfen Ihnen schnell und zuverl\u00e4ssig weiter!<\/p>\r\n\t\t\t\t\t<a href=\"#\" class=\"cta-btn\">\r\n\t\t\t\t\t\t<img decoding=\"async\" src=\"https:\/\/test.click4drive.at\/wp-content\/themes\/cras\/images\/phone.svg\" alt=\"LS CAR EXPERT\">\r\n\t\t\t\t\t\t<span class=\"ms-2\"> Nehmen Sie Kontakt mit uns auf<\/span>\r\n\t\t\t\t\t<\/a>\r\n\t\t\t\t<\/div>\r\n\t\t\t<\/div>\r\n\t\t<\/div>\t\t\t\t<\/div>\n\t\t\t\t<\/div>\n\t\t\t\t\t<\/div>\n\t\t<\/div>\n\t\t\t\t\t<\/div>\n\t\t<\/section>\n\t\t\t\t<\/div>\n\t\t","protected":false},"excerpt":{"rendered":"<p>Weitere Dienstleistungen Home \/ Services Two Diagnostic Services Lorem Ipsum is simply dummy text of the printing and typesetting industry. Lorem Ipsum has been the industry&#8217;s stan. VIEW MORE Routine Maintenance Lorem Ipsum is simply dummy text of the printing and typesetting industry. Lorem Ipsum has been the industry&#8217;s stan. VIEW MORE Brake System Repair [&hellip;]<\/p>\n","protected":false},"author":1,"featured_media":0,"parent":0,"menu_order":0,"comment_status":"closed","ping_status":"closed","template":"page-fullwidth.php","meta":{"footnotes":""},"class_list":["post-840","page","type-page","status-publish","hentry"],"_links":{"self":[{"href":"https:\/\/test.click4drive.at\/index.php?rest_route=\/wp\/v2\/pages\/840","targetHints":{"allow":["GET"]}}],"collection":[{"href":"https:\/\/test.click4drive.at\/index.php?rest_route=\/wp\/v2\/pages"}],"about":[{"href":"https:\/\/test.click4drive.at\/index.php?rest_route=\/wp\/v2\/types\/page"}],"author":[{"embeddable":true,"href":"https:\/\/test.click4drive.at\/index.php?rest_route=\/wp\/v2\/users\/1"}],"replies":[{"embeddable":true,"href":"https:\/\/test.click4drive.at\/index.php?rest_route=%2Fwp%2Fv2%2Fcomments&post=840"}],"version-history":[{"count":10,"href":"https:\/\/test.click4drive.at\/index.php?rest_route=\/wp\/v2\/pages\/840\/revisions"}],"predecessor-version":[{"id":1282,"href":"https:\/\/test.click4drive.at\/index.php?rest_route=\/wp\/v2\/pages\/840\/revisions\/1282"}],"wp:attachment":[{"href":"https:\/\/test.click4drive.at\/index.php?rest_route=%2Fwp%2Fv2%2Fmedia&parent=840"}],"curies":[{"name":"wp","href":"https:\/\/api.w.org\/{rel}","templated":true}]}}